{"id":20,"date":"2010-09-29T19:19:16","date_gmt":"2010-09-29T17:19:16","guid":{"rendered":"http:\/\/www.185przedszkole.pl\/?page_id=20"},"modified":"2022-11-23T18:01:45","modified_gmt":"2022-11-23T16:01:45","slug":"opltay","status":"publish","type":"page","link":"https:\/\/185przedszkole.pl\/?page_id=20","title":{"rendered":"Op\u0142aty w roku szkolnym"},"content":{"rendered":"\n<p class=\"has-text-align-center\"><strong>Op\u0142aty za \u017cywienie<\/strong> wykonujemy przelewem na konto bankowe.<\/p>\n\n\n\n<p class=\"has-text-align-center\">NUMER KONTA: <strong><span class=\"has-inline-color has-vivid-red-color\">81 1030 1508 0000 0005 5026 7098<\/span><\/strong><\/p>\n\n\n\n<p class=\"has-text-align-center\"> Wp\u0142aty nale\u017cy dokona\u0107:<\/p>\n\n\n\n<ul><li><strong>do 5-go<\/strong> <strong>danego miesi\u0105ca: wrzesie\u0144 i stycze\u0144<\/strong><\/li><\/ul>\n\n\n\n<ul><li><strong>do<\/strong> <strong>10-go danego miesi\u0105ca<\/strong>: <strong>pa\u017adziernik, listopad, grudzie\u0144, luty, marzec, kwiecie\u0144, maj, czerwiec<\/strong><br><\/li><\/ul>\n\n\n\n<p class=\"has-text-align-center\"><em><span style=\"text-decoration: underline\" class=\"underline\">Dzienna stawka \u017cywieniowa w naszym przedszkolu wynosi<\/span><\/em><span style=\"text-decoration: underline\" class=\"underline\"> <strong>15zl<\/strong><\/span> <br>(\u015bniadanie, obiad, podwieczorek)<br><\/p>\n\n\n\n<p class=\"has-text-align-center\"><strong>                             Op\u0142aty na Rad\u0119 Rodzic\u00f3w<\/strong> wykonujemy przelewem na konto bankowe. <\/p>\n\n\n\n<p class=\"has-text-align-center\">                               Rada Rodzic\u00f3w Przedszkola Nr 185<\/p>\n\n\n\n<p>                                                                          <strong>      <span class=\"has-inline-color has-vivid-red-color\">52  1240  6074  1111  0011  1963  8298<\/span><\/strong><\/p>\n\n\n\n<p>                                                    W tytule prosimy wpisywa\u0107 : imi\u0119 i nazwisko dziecka, nr grupy, darowizna<\/p>\n\n\n\n<p class=\"has-text-align-center\">              <\/p>\n\n\n\n<p class=\"has-text-align-center\">               <\/p>\n","protected":false},"excerpt":{"rendered":"<p>Op\u0142aty za \u017cywienie wykonujemy przelewem na konto bankowe. NUMER KONTA: 81 1030 1508 0000 0005 5026 7098 Wp\u0142aty nale\u017cy dokona\u0107: do 5-go danego miesi\u0105ca: wrzesie\u0144 i stycze\u0144 do 10-go danego miesi\u0105ca: pa\u017adziernik, listopad, grudzie\u0144, luty, marzec, kwiecie\u0144, maj, czerwiec Dzienna stawka \u017cywieniowa w naszym przedszkolu wynosi 15zl (\u015bniadanie, obiad, podwieczorek) Op\u0142aty na Rad\u0119 Rodzic\u00f3w wykonujemy [&hellip;]<\/p>\n","protected":false},"author":1,"featured_media":0,"parent":0,"menu_order":0,"comment_status":"open","ping_status":"closed","template":"","meta":{"footnotes":""},"_links":{"self":[{"href":"https:\/\/185przedszkole.pl\/index.php?rest_route=\/wp\/v2\/pages\/20"}],"collection":[{"href":"https:\/\/185przedszkole.pl\/index.php?rest_route=\/wp\/v2\/pages"}],"about":[{"href":"https:\/\/185przedszkole.pl\/index.php?rest_route=\/wp\/v2\/types\/page"}],"author":[{"embeddable":true,"href":"https:\/\/185przedszkole.pl\/index.php?rest_route=\/wp\/v2\/users\/1"}],"replies":[{"embeddable":true,"href":"https:\/\/185przedszkole.pl\/index.php?rest_route=%2Fwp%2Fv2%2Fcomments&post=20"}],"version-history":[{"count":62,"href":"https:\/\/185przedszkole.pl\/index.php?rest_route=\/wp\/v2\/pages\/20\/revisions"}],"predecessor-version":[{"id":6870,"href":"https:\/\/185przedszkole.pl\/index.php?rest_route=\/wp\/v2\/pages\/20\/revisions\/6870"}],"wp:attachment":[{"href":"https:\/\/185przedszkole.pl\/index.php?rest_route=%2Fwp%2Fv2%2Fmedia&parent=20"}],"curies":[{"name":"wp","href":"https:\/\/api.w.org\/{rel}","templated":true}]}}