{"id":8,"date":"2010-09-29T19:17:28","date_gmt":"2010-09-29T17:17:28","guid":{"rendered":"http:\/\/www.185przedszkole.pl\/?page_id=8"},"modified":"2021-09-21T17:07:15","modified_gmt":"2021-09-21T15:07:15","slug":"program-przedszkola","status":"publish","type":"page","link":"https:\/\/185przedszkole.pl\/?page_id=8","title":{"rendered":"Program przedszkola"},"content":{"rendered":"<p style=\"text-align: justify;\"><strong>W naszej p<\/strong><strong>racy dy<\/strong><strong>daktycznej wykorzystujemy nast\u0119puj\u0105ce programy edukacyjno- wychowawcze:<\/strong><\/p>\n<ul style=\"list-style-type: circle;\">\n<li>Program wychowania przedszkolnego \u201ePlac zabaw\u201d, E. Janus, wydawnictwo WSiP.<\/li>\n<li>Program wychowania przedszkolnego \u201eSamodzielne, wszechstronne, szcz\u0119\u015bliwe\u201d, M. Chludzi\u0144ska, A. Kasprzak- Ko\u0142akowska, A. Kucharczyk, D. Kucharska, wydawnictwo Nowa Era.<\/li>\n<li>Program wychowania przedszkolnego W. \u017baba- \u017babi\u0144ska, W. Majewska, R. Pa\u017adzio, wydawnictwo MAC.<\/li>\n<li>Program wychowania przedszkolnego \u201eKocham Przedszkole\u201d, J. Marcinkiewicz, A. Borchard, wydawnictwo WSiP.<\/li>\n<\/ul>\n<p><strong>Programy uzupe\u0142niaj\u0105ce:<\/strong><\/p>\n<ul style=\"list-style-type: circle;\">\n<li>\u201eMistrz kodowania&#8221;, \u201eAerobik przedszkolaka&#8221; p. Marta Sz.T., program w\u0142asny.<\/li>\n<li>\u201eCzarodziejski \u015bwiat&#8221;, p. Katarzyna Cz., program w\u0142asny.<\/li>\n<li>\u201eEnglish with Little Ant&#8221;, K. Janiszewska- Gold, wydawnictwo Bli\u017cej Przedszkola.<\/li>\n<\/ul>\n<p><strong>W naszej pracy wykorzystujemy ponadto elementy rozmaitych alternatywnych metod wspomagania rozwoju dziecka, a w szczeg\u00f3lno\u015bci:<\/strong><\/p>\n<p>\u2022\u00a0\u00a0 \u00a0Metod\u0119 Ruchu Rozwijaj\u0105cego W. Sherborne;<\/p>\n<p>\u2022 \u00a0\u00a0\u00a0Children Massaging Children &#8211; masa\u017cyki dzieci\u0119ce &#8211; metoda relaksacyjna E. Scherer;<\/p>\n<p>\u2022\u00a0\u00a0 \u00a0Elementy Metody Dobrego Startu M. Bogdanowicz;<\/p>\n<p>\u2022\u00a0\u00a0 \u00a0Program Aktywno\u015bci \u201e \u015awiadomo\u015b\u0107 cia\u0142a, kontakt i komunikacja\u201d \u00a0M., Ch. Knill;<\/p>\n<p>\u2022\u00a0\u00a0\u00a0 Program rozwijaj\u0105cy percepcj\u0119 wzrokow\u0105 M. Frostig, F. Horne;<\/p>\n<p>\u2022\u00a0\u00a0\u00a0 Elementy integracji sensorycznej;<\/p>\n<p>\u2022 \u00a0\u00a0 Elementy metody M. Montessori;<\/p>\n<p>\u2022\u00a0\u00a0\u00a0 Elementy metody R. Labana;<\/p>\n<p>\u2022\u00a0\u00a0\u00a0 Elementy muzykoterapii i biblioterapii;<\/p>\n<p>\u2022\u00a0\u00a0\u00a0 Elementy Pedagogiki Zabawy;<\/p>\n<p>\u2022\u00a0\u00a0\u00a0 Elementy Terapii R\u0119ki;<\/p>\n<p>\u2022\u00a0\u00a0\u00a0 Dzieci\u0119ca Matematyka E. Gruszczyk, E. Zieli\u0144ska.<\/p>\n<p style=\"text-align: justify;\"><a href=\"..\/wp-content\/uploads\/2010\/11\/wr%C3%B3%C5%BCby-andrzejkowe.jpg\" rel=\"lightbox[8]\"><img decoding=\"async\" class=\"alignleft size-medium wp-image-204\" style=\"width: 198px; height: 150px;\" title=\"wr\u00f3\u017cby andrzejkowe\" src=\"..\/wp-content\/uploads\/2010\/11\/wr%C3%B3%C5%BCby-andrzejkowe-300x225.jpg\" alt=\"\" \/><\/a><\/p>\n<p style=\"text-align: center;\"><a href=\"..\/wp-content\/uploads\/2010\/11\/zabawy-z-wod%C4%85-eksperymenty.jpg\" rel=\"lightbox[8]\"><img decoding=\"async\" class=\"alignleft size-medium wp-image-205\" style=\"width: 198px; height: 150px;\" title=\"zabawy z wod\u0105 eksperymenty\" src=\"..\/wp-content\/uploads\/2010\/11\/zabawy-z-wod%C4%85-eksperymenty-300x225.jpg\" alt=\"\" \/><\/a><\/p>\n","protected":false},"excerpt":{"rendered":"<p>W naszej pracy dydaktycznej wykorzystujemy nast\u0119puj\u0105ce programy edukacyjno- wychowawcze: Program wychowania przedszkolnego \u201ePlac zabaw\u201d, E. Janus, wydawnictwo WSiP. Program wychowania przedszkolnego \u201eSamodzielne, wszechstronne, szcz\u0119\u015bliwe\u201d, M. Chludzi\u0144ska, A. Kasprzak- Ko\u0142akowska, A. Kucharczyk, D. Kucharska, wydawnictwo Nowa Era. Program wychowania przedszkolnego W. \u017baba- \u017babi\u0144ska, W. Majewska, R. Pa\u017adzio, wydawnictwo MAC. Program wychowania przedszkolnego \u201eKocham Przedszkole\u201d, J. Marcinkiewicz, [&hellip;]<\/p>\n","protected":false},"author":2738,"featured_media":0,"parent":0,"menu_order":0,"comment_status":"closed","ping_status":"closed","template":"","meta":{"footnotes":""},"_links":{"self":[{"href":"https:\/\/185przedszkole.pl\/index.php?rest_route=\/wp\/v2\/pages\/8"}],"collection":[{"href":"https:\/\/185przedszkole.pl\/index.php?rest_route=\/wp\/v2\/pages"}],"about":[{"href":"https:\/\/185przedszkole.pl\/index.php?rest_route=\/wp\/v2\/types\/page"}],"author":[{"embeddable":true,"href":"https:\/\/185przedszkole.pl\/index.php?rest_route=\/wp\/v2\/users\/2738"}],"replies":[{"embeddable":true,"href":"https:\/\/185przedszkole.pl\/index.php?rest_route=%2Fwp%2Fv2%2Fcomments&post=8"}],"version-history":[{"count":48,"href":"https:\/\/185przedszkole.pl\/index.php?rest_route=\/wp\/v2\/pages\/8\/revisions"}],"predecessor-version":[{"id":6566,"href":"https:\/\/185przedszkole.pl\/index.php?rest_route=\/wp\/v2\/pages\/8\/revisions\/6566"}],"wp:attachment":[{"href":"https:\/\/185przedszkole.pl\/index.php?rest_route=%2Fwp%2Fv2%2Fmedia&parent=8"}],"curies":[{"name":"wp","href":"https:\/\/api.w.org\/{rel}","templated":true}]}}